{"id":1588,"date":"2017-07-29T01:56:41","date_gmt":"2017-07-28T22:56:41","guid":{"rendered":"http:\/\/www.minisan.com.tr\/?page_id=1588"},"modified":"2017-07-29T01:56:41","modified_gmt":"2017-07-28T22:56:41","slug":"firin","status":"publish","type":"page","link":"https:\/\/minisan.com.tr\/en\/firin\/","title":{"rendered":"F\u0131r\u0131n"},"content":{"rendered":"<p><div class=\"fusion-fullwidth fullwidth-box fusion-builder-row-1 nonhundred-percent-fullwidth non-hundred-percent-height-scrolling\" style=\"background-color: #ffffff;background-position: left top;background-repeat: no-repeat;padding-top:40px;padding-right:0px;padding-bottom:10px;padding-left:0px;margin-bottom: 2%;margin-top: 0px;border-width: 0px 0px 0px 0px;border-color:#eae9e9;border-style:solid;\" ><div class=\"fusion-builder-row fusion-row\"><div class=\"fusion-layout-column fusion_builder_column fusion-builder-column-0 fusion_builder_column_1_1 1_1 fusion-one-full fusion-column-first fusion-column-last\" style=\"margin-top:0px;margin-bottom:0px;\"><div class=\"fusion-column-wrapper fusion-flex-column-wrapper-legacy\" style=\"background-position:left top;background-repeat:no-repeat;-webkit-background-size:cover;-moz-background-size:cover;-o-background-size:cover;background-size:cover;padding: 2% 0px 0px 0px;\"><style type=\"text\/css\">.fusion-portfolio-wrapper#fusion-portfolio-1 .fusion-portfolio-content{  text-align: left; }<\/style><div class=\"fusion-recent-works fusion-portfolio-element fusion-portfolio fusion-portfolio-1 fusion-portfolio-grid fusion-portfolio-paging-infinite fusion-portfolio-five fusion-portfolio-unboxed fusion-portfolio-text fusion-portfolio-rollover\" data-id=\"-rw-1\" data-columns=\"five\"><style type=\"text\/css\">.fusion-portfolio-1 .fusion-portfolio-wrapper .fusion-col-spacing{padding:15px;}<\/style><div class=\"fusion-portfolio-wrapper\" id=\"fusion-portfolio-1\" data-picturesize=\"auto\" data-pages=\"1\" style=\"margin:-15px;\"><article id=\"portfolio-1-post-1603\" class=\"fusion-portfolio-post koseli-firin-gruplari fusion-col-spacing post-1603\"><div class=\"fusion-portfolio-content-wrapper\" style=\"border:none;\"><span class=\"vcard rich-snippet-hidden\"><span class=\"fn\"><a href=\"https:\/\/minisan.com.tr\/en\/author\/mnsnadmn\/\" title=\"Posts by mnsnadmn\" rel=\"author\">mnsnadmn<\/a><\/span><\/span><span class=\"updated rich-snippet-hidden\">2017-07-29T03:15:31+00:00<\/span>\n\n<div  class=\"fusion-image-wrapper\" aria-haspopup=\"true\">\n\t\n\t\n\t\n\t\t\n\t\t\t\t\t<img width=\"1000\" height=\"1000\" src=\"https:\/\/minisan.com.tr\/wp-content\/uploads\/2017\/07\/2004-1.jpg\" class=\"attachment-full size-full wp-post-image\" alt=\"\" loading=\"lazy\" srcset=\"https:\/\/minisan.com.tr\/wp-content\/uploads\/2017\/07\/2004-1-200x200.jpg 200w, https:\/\/minisan.com.tr\/wp-content\/uploads\/2017\/07\/2004-1-400x400.jpg 400w, https:\/\/minisan.com.tr\/wp-content\/uploads\/2017\/07\/2004-1-600x600.jpg 600w, https:\/\/minisan.com.tr\/wp-content\/uploads\/2017\/07\/2004-1-800x800.jpg 800w, https:\/\/minisan.com.tr\/wp-content\/uploads\/2017\/07\/2004-1.jpg 1000w\" sizes=\"(min-width: 2200px) 100vw, (min-width: 1008px) 210px, (min-width: 916px) 263px, (min-width: 824px) 350px, (min-width: 732px) 525px, (min-width: 640px) 732px, \" \/>\n\t\n\n\t\t<div class=\"fusion-rollover\">\n\t<div class=\"fusion-rollover-content\">\n\n\t\t\t\t\t\t\t\t\t\t\t\t\t\t<a class=\"fusion-rollover-link\" href=\"https:\/\/minisan.com.tr\/en\/portfolio-items\/tim-ter-lam-45-lt-midi-turbo-firin\/?portfolioCats=34\">Tim.Ter.Lam. 45 lt Midi Turbo F\u0131r\u0131n<\/a>\n\t\t\t\n\t\t\t\t\t\t\t\t\t\t\t\t\t\t\n\t\t\t\t\t\t\t\t\n\t\t\t\t\t\t\t\t\t\t\t\t\t<div class=\"fusion-rollover-sep\"><\/div>\n\t\t\t\t\n\t\t\t\t\t\t\t\t\t\t\t\t\t\t\t\t\t\t<a class=\"fusion-rollover-gallery\" href=\"https:\/\/minisan.com.tr\/wp-content\/uploads\/2017\/07\/2004-1.jpg\" data-id=\"1603\" data-rel=\"iLightbox[gallery-rw-1]\" data-title=\"2004\" data-caption=\"\">\n\t\t\t\t\t\tGallery\t\t\t\t\t<\/a>\n\t\t\t\t\t\t\t\t\t\t\t\t\t\t\n\t\t\t\t\n\t\t\t\t\t\t\t\t\t\t\t\t<h4 class=\"fusion-rollover-title\">\n\t\t\t\t\t<a class=\"fusion-rollover-title-link\" href=\"https:\/\/minisan.com.tr\/en\/portfolio-items\/tim-ter-lam-45-lt-midi-turbo-firin\/?portfolioCats=34\">\n\t\t\t\t\t\tTim.Ter.Lam. 45 lt Midi Turbo F\u0131r\u0131n\t\t\t\t\t<\/a>\n\t\t\t\t<\/h4>\n\t\t\t\n\t\t\t\t\t\t\t\t\t\t\t\t\t\t<div class=\"fusion-rollover-categories\"><a href=\"https:\/\/minisan.com.tr\/en\/portfolio_category\/koseli-firin-gruplari\/\" rel=\"tag\">K\u00f6\u015feli F\u0131r\u0131n Gruplar\u0131<\/a><\/div>\t\t\t\t\t\n\t\t\n\t\t\t\t<a class=\"fusion-link-wrapper\" href=\"https:\/\/minisan.com.tr\/en\/portfolio-items\/tim-ter-lam-45-lt-midi-turbo-firin\/?portfolioCats=34\" aria-label=\"Tim.Ter.Lam. 45 lt Midi Turbo F\u0131r\u0131n\"><\/a>\n\t<\/div>\n<\/div>\n\n\t\n<\/div>\n<div class=\"fusion-portfolio-content\"><h2 class=\"entry-title fusion-post-title\"><a href=\"https:\/\/minisan.com.tr\/en\/portfolio-items\/tim-ter-lam-45-lt-midi-turbo-firin\/?portfolioCats=34\">Tim.Ter.Lam. 45 lt Midi Turbo F\u0131r\u0131n<\/a><\/h2><div class=\"fusion-post-content\"><\/div><\/div><\/div><\/article><article id=\"portfolio-1-post-1601\" class=\"fusion-portfolio-post koseli-firin-gruplari fusion-col-spacing post-1601\"><div class=\"fusion-portfolio-content-wrapper\" style=\"border:none;\"><span class=\"vcard rich-snippet-hidden\"><span class=\"fn\"><a href=\"https:\/\/minisan.com.tr\/en\/author\/mnsnadmn\/\" title=\"Posts by mnsnadmn\" rel=\"author\">mnsnadmn<\/a><\/span><\/span><span class=\"updated rich-snippet-hidden\">2017-07-29T02:54:24+00:00<\/span>\n\n<div  class=\"fusion-image-wrapper\" aria-haspopup=\"true\">\n\t\n\t\n\t\n\t\t\n\t\t\t\t\t<img width=\"1000\" height=\"1000\" src=\"https:\/\/minisan.com.tr\/wp-content\/uploads\/2017\/07\/2002a-1.jpg\" class=\"attachment-full size-full wp-post-image\" alt=\"\" loading=\"lazy\" srcset=\"https:\/\/minisan.com.tr\/wp-content\/uploads\/2017\/07\/2002a-1-200x200.jpg 200w, https:\/\/minisan.com.tr\/wp-content\/uploads\/2017\/07\/2002a-1-400x400.jpg 400w, https:\/\/minisan.com.tr\/wp-content\/uploads\/2017\/07\/2002a-1-600x600.jpg 600w, https:\/\/minisan.com.tr\/wp-content\/uploads\/2017\/07\/2002a-1-800x800.jpg 800w, https:\/\/minisan.com.tr\/wp-content\/uploads\/2017\/07\/2002a-1.jpg 1000w\" sizes=\"(min-width: 2200px) 100vw, (min-width: 1008px) 210px, (min-width: 916px) 263px, (min-width: 824px) 350px, (min-width: 732px) 525px, (min-width: 640px) 732px, \" \/>\n\t\n\n\t\t<div class=\"fusion-rollover\">\n\t<div class=\"fusion-rollover-content\">\n\n\t\t\t\t\t\t\t\t\t\t\t\t\t\t<a class=\"fusion-rollover-link\" href=\"https:\/\/minisan.com.tr\/en\/portfolio-items\/tim-ter-lam-45-lt-midi-firin\/?portfolioCats=34\">Tim.Ter.Lam. 45 lt Midi F\u0131r\u0131n<\/a>\n\t\t\t\n\t\t\t\t\t\t\t\t\t\t\t\t\t\t\n\t\t\t\t\t\t\t\t\n\t\t\t\t\t\t\t\t\t\t\t\t\t<div class=\"fusion-rollover-sep\"><\/div>\n\t\t\t\t\n\t\t\t\t\t\t\t\t\t\t\t\t\t\t\t\t\t\t<a class=\"fusion-rollover-gallery\" href=\"https:\/\/minisan.com.tr\/wp-content\/uploads\/2017\/07\/2002a-1.jpg\" data-id=\"1601\" data-rel=\"iLightbox[gallery-rw-1]\" data-title=\"2002a\" data-caption=\"\">\n\t\t\t\t\t\tGallery\t\t\t\t\t<\/a>\n\t\t\t\t\t\t\t\t\t\t\t\t\t\t\n\t\t\t\t\n\t\t\t\t\t\t\t\t\t\t\t\t<h4 class=\"fusion-rollover-title\">\n\t\t\t\t\t<a class=\"fusion-rollover-title-link\" href=\"https:\/\/minisan.com.tr\/en\/portfolio-items\/tim-ter-lam-45-lt-midi-firin\/?portfolioCats=34\">\n\t\t\t\t\t\tTim.Ter.Lam. 45 lt Midi F\u0131r\u0131n\t\t\t\t\t<\/a>\n\t\t\t\t<\/h4>\n\t\t\t\n\t\t\t\t\t\t\t\t\t\t\t\t\t\t<div class=\"fusion-rollover-categories\"><a href=\"https:\/\/minisan.com.tr\/en\/portfolio_category\/koseli-firin-gruplari\/\" rel=\"tag\">K\u00f6\u015feli F\u0131r\u0131n Gruplar\u0131<\/a><\/div>\t\t\t\t\t\n\t\t\n\t\t\t\t<a class=\"fusion-link-wrapper\" href=\"https:\/\/minisan.com.tr\/en\/portfolio-items\/tim-ter-lam-45-lt-midi-firin\/?portfolioCats=34\" aria-label=\"Tim.Ter.Lam. 45 lt Midi F\u0131r\u0131n\"><\/a>\n\t<\/div>\n<\/div>\n\n\t\n<\/div>\n<div class=\"fusion-portfolio-content\"><h2 class=\"entry-title fusion-post-title\"><a href=\"https:\/\/minisan.com.tr\/en\/portfolio-items\/tim-ter-lam-45-lt-midi-firin\/?portfolioCats=34\">Tim.Ter.Lam. 45 lt Midi F\u0131r\u0131n<\/a><\/h2><div class=\"fusion-post-content\"><\/div><\/div><\/div><\/article><article id=\"portfolio-1-post-1596\" class=\"fusion-portfolio-post koseli-firin-gruplari fusion-col-spacing post-1596\"><div class=\"fusion-portfolio-content-wrapper\" style=\"border:none;\"><span class=\"vcard rich-snippet-hidden\"><span class=\"fn\"><a href=\"https:\/\/minisan.com.tr\/en\/author\/mnsnadmn\/\" title=\"Posts by mnsnadmn\" rel=\"author\">mnsnadmn<\/a><\/span><\/span><span class=\"updated rich-snippet-hidden\">2017-07-29T02:24:05+00:00<\/span>\n\n<div  class=\"fusion-image-wrapper\" aria-haspopup=\"true\">\n\t\n\t\n\t\n\t\t\n\t\t\t\t\t<img width=\"1000\" height=\"1000\" src=\"https:\/\/minisan.com.tr\/wp-content\/uploads\/2017\/07\/2003a-1.jpg\" class=\"attachment-full size-full wp-post-image\" alt=\"\" loading=\"lazy\" srcset=\"https:\/\/minisan.com.tr\/wp-content\/uploads\/2017\/07\/2003a-1-200x200.jpg 200w, https:\/\/minisan.com.tr\/wp-content\/uploads\/2017\/07\/2003a-1-400x400.jpg 400w, https:\/\/minisan.com.tr\/wp-content\/uploads\/2017\/07\/2003a-1-600x600.jpg 600w, https:\/\/minisan.com.tr\/wp-content\/uploads\/2017\/07\/2003a-1-800x800.jpg 800w, https:\/\/minisan.com.tr\/wp-content\/uploads\/2017\/07\/2003a-1.jpg 1000w\" sizes=\"(min-width: 2200px) 100vw, (min-width: 1008px) 210px, (min-width: 916px) 263px, (min-width: 824px) 350px, (min-width: 732px) 525px, (min-width: 640px) 732px, \" \/>\n\t\n\n\t\t<div class=\"fusion-rollover\">\n\t<div class=\"fusion-rollover-content\">\n\n\t\t\t\t\t\t\t\t\t\t\t\t\t\t<a class=\"fusion-rollover-link\" href=\"https:\/\/minisan.com.tr\/en\/portfolio-items\/tim-ter-lam-45-lt-aluzi-midi-turbo-firin\/?portfolioCats=34\">Tim.Ter.Lam. 45 lt Aluzi Midi Turbo F\u0131r\u0131n<\/a>\n\t\t\t\n\t\t\t\t\t\t\t\t\t\t\t\t\t\t\n\t\t\t\t\t\t\t\t\n\t\t\t\t\t\t\t\t\t\t\t\t\t<div class=\"fusion-rollover-sep\"><\/div>\n\t\t\t\t\n\t\t\t\t\t\t\t\t\t\t\t\t\t\t\t\t\t\t<a class=\"fusion-rollover-gallery\" href=\"https:\/\/minisan.com.tr\/wp-content\/uploads\/2017\/07\/2003a-1.jpg\" data-id=\"1596\" data-rel=\"iLightbox[gallery-rw-1]\" data-title=\"2003a\" data-caption=\"\">\n\t\t\t\t\t\tGallery\t\t\t\t\t<\/a>\n\t\t\t\t\t\t\t\t\t\t\t\t\t\t\n\t\t\t\t\n\t\t\t\t\t\t\t\t\t\t\t\t<h4 class=\"fusion-rollover-title\">\n\t\t\t\t\t<a class=\"fusion-rollover-title-link\" href=\"https:\/\/minisan.com.tr\/en\/portfolio-items\/tim-ter-lam-45-lt-aluzi-midi-turbo-firin\/?portfolioCats=34\">\n\t\t\t\t\t\tTim.Ter.Lam. 45 lt Aluzi Midi Turbo F\u0131r\u0131n\t\t\t\t\t<\/a>\n\t\t\t\t<\/h4>\n\t\t\t\n\t\t\t\t\t\t\t\t\t\t\t\t\t\t<div class=\"fusion-rollover-categories\"><a href=\"https:\/\/minisan.com.tr\/en\/portfolio_category\/koseli-firin-gruplari\/\" rel=\"tag\">K\u00f6\u015feli F\u0131r\u0131n Gruplar\u0131<\/a><\/div>\t\t\t\t\t\n\t\t\n\t\t\t\t<a class=\"fusion-link-wrapper\" href=\"https:\/\/minisan.com.tr\/en\/portfolio-items\/tim-ter-lam-45-lt-aluzi-midi-turbo-firin\/?portfolioCats=34\" aria-label=\"Tim.Ter.Lam. 45 lt Aluzi Midi Turbo F\u0131r\u0131n\"><\/a>\n\t<\/div>\n<\/div>\n\n\t\n<\/div>\n<div class=\"fusion-portfolio-content\"><h2 class=\"entry-title fusion-post-title\"><a href=\"https:\/\/minisan.com.tr\/en\/portfolio-items\/tim-ter-lam-45-lt-aluzi-midi-turbo-firin\/?portfolioCats=34\">Tim.Ter.Lam. 45 lt Aluzi Midi Turbo F\u0131r\u0131n<\/a><\/h2><div class=\"fusion-post-content\"><\/div><\/div><\/div><\/article><article id=\"portfolio-1-post-1593\" class=\"fusion-portfolio-post koseli-firin-gruplari fusion-col-spacing post-1593\"><div class=\"fusion-portfolio-content-wrapper\" style=\"border:none;\"><span class=\"vcard rich-snippet-hidden\"><span class=\"fn\"><a href=\"https:\/\/minisan.com.tr\/en\/author\/mnsnadmn\/\" title=\"Posts by mnsnadmn\" rel=\"author\">mnsnadmn<\/a><\/span><\/span><span class=\"updated rich-snippet-hidden\">2017-07-29T02:06:41+00:00<\/span>\n\n<div  class=\"fusion-image-wrapper\" aria-haspopup=\"true\">\n\t\n\t\n\t\n\t\t\n\t\t\t\t\t<img width=\"1000\" height=\"1000\" src=\"https:\/\/minisan.com.tr\/wp-content\/uploads\/2017\/07\/2002a-1.jpg\" class=\"attachment-full size-full wp-post-image\" alt=\"\" loading=\"lazy\" srcset=\"https:\/\/minisan.com.tr\/wp-content\/uploads\/2017\/07\/2002a-1-200x200.jpg 200w, https:\/\/minisan.com.tr\/wp-content\/uploads\/2017\/07\/2002a-1-400x400.jpg 400w, https:\/\/minisan.com.tr\/wp-content\/uploads\/2017\/07\/2002a-1-600x600.jpg 600w, https:\/\/minisan.com.tr\/wp-content\/uploads\/2017\/07\/2002a-1-800x800.jpg 800w, https:\/\/minisan.com.tr\/wp-content\/uploads\/2017\/07\/2002a-1.jpg 1000w\" sizes=\"(min-width: 2200px) 100vw, (min-width: 1008px) 210px, (min-width: 916px) 263px, (min-width: 824px) 350px, (min-width: 732px) 525px, (min-width: 640px) 732px, \" \/>\n\t\n\n\t\t<div class=\"fusion-rollover\">\n\t<div class=\"fusion-rollover-content\">\n\n\t\t\t\t\t\t\t\t\t\t\t\t\t\t<a class=\"fusion-rollover-link\" href=\"https:\/\/minisan.com.tr\/en\/portfolio-items\/tim-ter-lam-45-lt-aluzi-midi-firin\/?portfolioCats=34\">Tim.Ter.Lam. 45 lt Aluzi Midi F\u0131r\u0131n<\/a>\n\t\t\t\n\t\t\t\t\t\t\t\t\t\t\t\t\t\t\n\t\t\t\t\t\t\t\t\n\t\t\t\t\t\t\t\t\t\t\t\t\t<div class=\"fusion-rollover-sep\"><\/div>\n\t\t\t\t\n\t\t\t\t\t\t\t\t\t\t\t\t\t\t\t\t\t\t<a class=\"fusion-rollover-gallery\" href=\"https:\/\/minisan.com.tr\/wp-content\/uploads\/2017\/07\/2002a-1.jpg\" data-id=\"1593\" data-rel=\"iLightbox[gallery-rw-1]\" data-title=\"2002a\" data-caption=\"\">\n\t\t\t\t\t\tGallery\t\t\t\t\t<\/a>\n\t\t\t\t\t\t\t\t\t\t\t\t\t\t\n\t\t\t\t\n\t\t\t\t\t\t\t\t\t\t\t\t<h4 class=\"fusion-rollover-title\">\n\t\t\t\t\t<a class=\"fusion-rollover-title-link\" href=\"https:\/\/minisan.com.tr\/en\/portfolio-items\/tim-ter-lam-45-lt-aluzi-midi-firin\/?portfolioCats=34\">\n\t\t\t\t\t\tTim.Ter.Lam. 45 lt Aluzi Midi F\u0131r\u0131n\t\t\t\t\t<\/a>\n\t\t\t\t<\/h4>\n\t\t\t\n\t\t\t\t\t\t\t\t\t\t\t\t\t\t<div class=\"fusion-rollover-categories\"><a href=\"https:\/\/minisan.com.tr\/en\/portfolio_category\/koseli-firin-gruplari\/\" rel=\"tag\">K\u00f6\u015feli F\u0131r\u0131n Gruplar\u0131<\/a><\/div>\t\t\t\t\t\n\t\t\n\t\t\t\t<a class=\"fusion-link-wrapper\" href=\"https:\/\/minisan.com.tr\/en\/portfolio-items\/tim-ter-lam-45-lt-aluzi-midi-firin\/?portfolioCats=34\" aria-label=\"Tim.Ter.Lam. 45 lt Aluzi Midi F\u0131r\u0131n\"><\/a>\n\t<\/div>\n<\/div>\n\n\t\n<\/div>\n<div class=\"fusion-portfolio-content\"><h2 class=\"entry-title fusion-post-title\"><a href=\"https:\/\/minisan.com.tr\/en\/portfolio-items\/tim-ter-lam-45-lt-aluzi-midi-firin\/?portfolioCats=34\">Tim.Ter.Lam. 45 lt Aluzi Midi F\u0131r\u0131n<\/a><\/h2><div class=\"fusion-post-content\"><\/div><\/div><\/div><\/article><article id=\"portfolio-1-post-1590\" class=\"fusion-portfolio-post koseli-firin-gruplari fusion-col-spacing post-1590\"><div class=\"fusion-portfolio-content-wrapper\" style=\"border:none;\"><span class=\"vcard rich-snippet-hidden\"><span class=\"fn\"><a href=\"https:\/\/minisan.com.tr\/en\/author\/mnsnadmn\/\" title=\"Posts by mnsnadmn\" rel=\"author\">mnsnadmn<\/a><\/span><\/span><span class=\"updated rich-snippet-hidden\">2017-07-29T02:00:58+00:00<\/span>\n\n<div  class=\"fusion-image-wrapper\" aria-haspopup=\"true\">\n\t\n\t\n\t\n\t\t\n\t\t\t\t\t<img width=\"1000\" height=\"1000\" src=\"https:\/\/minisan.com.tr\/wp-content\/uploads\/2017\/07\/3001-1.jpg\" class=\"attachment-full size-full wp-post-image\" alt=\"\" loading=\"lazy\" srcset=\"https:\/\/minisan.com.tr\/wp-content\/uploads\/2017\/07\/3001-1-200x200.jpg 200w, https:\/\/minisan.com.tr\/wp-content\/uploads\/2017\/07\/3001-1-400x400.jpg 400w, https:\/\/minisan.com.tr\/wp-content\/uploads\/2017\/07\/3001-1-600x600.jpg 600w, https:\/\/minisan.com.tr\/wp-content\/uploads\/2017\/07\/3001-1-800x800.jpg 800w, https:\/\/minisan.com.tr\/wp-content\/uploads\/2017\/07\/3001-1.jpg 1000w\" sizes=\"(min-width: 2200px) 100vw, (min-width: 1008px) 210px, (min-width: 916px) 263px, (min-width: 824px) 350px, (min-width: 732px) 525px, (min-width: 640px) 732px, \" \/>\n\t\n\n\t\t<div class=\"fusion-rollover\">\n\t<div class=\"fusion-rollover-content\">\n\n\t\t\t\t\t\t\t\t\t\t\t\t\t\t<a class=\"fusion-rollover-link\" href=\"https:\/\/minisan.com.tr\/en\/portfolio-items\/tim-ter-lam-36-lt-midi-firin\/?portfolioCats=34\">Tim.Ter.Lam. 36 lt Midi F\u0131r\u0131n<\/a>\n\t\t\t\n\t\t\t\t\t\t\t\t\t\t\t\t\t\t\n\t\t\t\t\t\t\t\t\n\t\t\t\t\t\t\t\t\t\t\t\t\t<div class=\"fusion-rollover-sep\"><\/div>\n\t\t\t\t\n\t\t\t\t\t\t\t\t\t\t\t\t\t\t\t\t\t\t<a class=\"fusion-rollover-gallery\" href=\"https:\/\/minisan.com.tr\/wp-content\/uploads\/2017\/07\/3001-1.jpg\" data-id=\"1590\" data-rel=\"iLightbox[gallery-rw-1]\" data-title=\"3001\" data-caption=\"\">\n\t\t\t\t\t\tGallery\t\t\t\t\t<\/a>\n\t\t\t\t\t\t\t\t\t\t\t\t\t\t\n\t\t\t\t\n\t\t\t\t\t\t\t\t\t\t\t\t<h4 class=\"fusion-rollover-title\">\n\t\t\t\t\t<a class=\"fusion-rollover-title-link\" href=\"https:\/\/minisan.com.tr\/en\/portfolio-items\/tim-ter-lam-36-lt-midi-firin\/?portfolioCats=34\">\n\t\t\t\t\t\tTim.Ter.Lam. 36 lt Midi F\u0131r\u0131n\t\t\t\t\t<\/a>\n\t\t\t\t<\/h4>\n\t\t\t\n\t\t\t\t\t\t\t\t\t\t\t\t\t\t<div class=\"fusion-rollover-categories\"><a href=\"https:\/\/minisan.com.tr\/en\/portfolio_category\/koseli-firin-gruplari\/\" rel=\"tag\">K\u00f6\u015feli F\u0131r\u0131n Gruplar\u0131<\/a><\/div>\t\t\t\t\t\n\t\t\n\t\t\t\t<a class=\"fusion-link-wrapper\" href=\"https:\/\/minisan.com.tr\/en\/portfolio-items\/tim-ter-lam-36-lt-midi-firin\/?portfolioCats=34\" aria-label=\"Tim.Ter.Lam. 36 lt Midi F\u0131r\u0131n\"><\/a>\n\t<\/div>\n<\/div>\n\n\t\n<\/div>\n<div class=\"fusion-portfolio-content\"><h2 class=\"entry-title fusion-post-title\"><a href=\"https:\/\/minisan.com.tr\/en\/portfolio-items\/tim-ter-lam-36-lt-midi-firin\/?portfolioCats=34\">Tim.Ter.Lam. 36 lt Midi F\u0131r\u0131n<\/a><\/h2><div class=\"fusion-post-content\"><\/div><\/div><\/div><\/article><\/div><\/div><div class=\"fusion-clearfix\"><\/div><\/div><\/div><\/div><\/div><div class=\"fusion-fullwidth fullwidth-box fusion-builder-row-2 nonhundred-percent-fullwidth non-hundred-percent-height-scrolling\" style=\"background-color: #f5f5f5;background-position: left top;background-repeat: no-repeat;padding-top:0px;padding-right:0px;padding-bottom:70px;padding-left:0px;margin-bottom: 0px;margin-top: 0px;border-width: 0px 0px 0px 0px;border-color:#eae9e9;border-style:solid;\" ><div class=\"fusion-builder-row fusion-row\"><div class=\"fusion-layout-column fusion_builder_column fusion-builder-column-1 fusion_builder_column_1_1 1_1 fusion-one-full fusion-column-first fusion-column-last\" style=\"margin-top:0px;margin-bottom:0px;\"><div class=\"fusion-column-wrapper fusion-flex-column-wrapper-legacy\" style=\"background-position:left top;background-repeat:no-repeat;-webkit-background-size:cover;-moz-background-size:cover;-o-background-size:cover;background-size:cover;padding: 0px 0px 0px 0px;\"><div class=\"fusion-section-separator section-separator big-half-circle fusion-section-separator-1\"><div class=\"fusion-section-separator-svg\" style=\"padding:0;margin-left: 0px;margin-right: 0px;\"><svg class=\"fusion-big-half-circle-candy\" xmlns=\"http:\/\/www.w3.org\/2000\/svg\" version=\"1.1\" width=\"100%\" height=\"100\" viewBox=\"0 0 100 100\" preserveAspectRatio=\"none\" style=\"fill:#ffffff;padding:0;\"><path d=\"M0 0 C55 180 100 0 100 0 Z\"><\/path><\/svg><\/div><div class=\"fusion-section-separator-spacer\"><div class=\"fusion-section-separator-spacer-height\" style=\"height:99px;\"><\/div><\/div><\/div><div class=\"fusion-sep-clear\"><\/div><div class=\"fusion-separator fusion-full-width-sep\" style=\"margin-left: auto;margin-right: auto;margin-top:80px;width:100%;\"><\/div><div class=\"fusion-sep-clear\"><\/div><div class=\"fusion-clearfix\"><\/div><\/div><\/div><\/div><\/div><\/p>\n","protected":false},"excerpt":{"rendered":"","protected":false},"author":1,"featured_media":0,"parent":0,"menu_order":0,"comment_status":"closed","ping_status":"closed","template":"100-width.php","meta":[],"_links":{"self":[{"href":"https:\/\/minisan.com.tr\/en\/wp-json\/wp\/v2\/pages\/1588"}],"collection":[{"href":"https:\/\/minisan.com.tr\/en\/wp-json\/wp\/v2\/pages"}],"about":[{"href":"https:\/\/minisan.com.tr\/en\/wp-json\/wp\/v2\/types\/page"}],"author":[{"embeddable":true,"href":"https:\/\/minisan.com.tr\/en\/wp-json\/wp\/v2\/users\/1"}],"replies":[{"embeddable":true,"href":"https:\/\/minisan.com.tr\/en\/wp-json\/wp\/v2\/comments?post=1588"}],"version-history":[{"count":0,"href":"https:\/\/minisan.com.tr\/en\/wp-json\/wp\/v2\/pages\/1588\/revisions"}],"wp:attachment":[{"href":"https:\/\/minisan.com.tr\/en\/wp-json\/wp\/v2\/media?parent=1588"}],"curies":[{"name":"wp","href":"https:\/\/api.w.org\/{rel}","templated":true}]}}